{"id":149,"date":"2026-04-29T17:10:43","date_gmt":"2026-04-29T17:10:43","guid":{"rendered":"https:\/\/aubert-lea.mmigrenoble-dev.fr\/?page_id=149"},"modified":"2026-04-29T19:05:42","modified_gmt":"2026-04-29T19:05:42","slug":"projet-1","status":"publish","type":"page","link":"https:\/\/aubert-lea.mmigrenoble-dev.fr\/?page_id=149","title":{"rendered":"Projet 1"},"content":{"rendered":"\t\t<div data-elementor-type=\"wp-page\" data-elementor-id=\"149\" class=\"elementor elementor-149\">\n\t\t\t\t<div class=\"elementor-element elementor-element-9dca198 e-flex e-con-boxed wpr-particle-no wpr-jarallax-no wpr-parallax-no wpr-sticky-section-no wpr-equal-height-no e-con e-parent\" data-id=\"9dca198\" data-element_type=\"container\" data-e-type=\"container\">\n\t\t\t\t\t<div class=\"e-con-inner\">\n\t\t<div class=\"elementor-element elementor-element-fb80d86 e-grid e-con-full wpr-particle-no wpr-jarallax-no wpr-parallax-no wpr-sticky-section-no wpr-equal-height-no e-con e-child\" data-id=\"fb80d86\" data-element_type=\"container\" data-e-type=\"container\">\n\t\t<div class=\"elementor-element elementor-element-40ba03d e-con-full e-flex wpr-particle-no wpr-jarallax-no wpr-parallax-no wpr-sticky-section-no wpr-equal-height-no e-con e-child\" data-id=\"40ba03d\" data-element_type=\"container\" data-e-type=\"container\">\n\t\t\t\t<div class=\"elementor-element elementor-element-6150374 elementor-widget elementor-widget-image\" data-id=\"6150374\" data-element_type=\"widget\" data-e-type=\"widget\" data-widget_type=\"image.default\">\n\t\t\t\t\t\t\t\t\t\t\t\t\t\t\t<img fetchpriority=\"high\" decoding=\"async\" width=\"800\" height=\"449\" src=\"https:\/\/aubert-lea.mmigrenoble-dev.fr\/wp-content\/uploads\/2026\/04\/Capture-decran-2026-04-29-091845-1024x575.png\" class=\"attachment-large size-large wp-image-99\" alt=\"\" srcset=\"https:\/\/aubert-lea.mmigrenoble-dev.fr\/wp-content\/uploads\/2026\/04\/Capture-decran-2026-04-29-091845-1024x575.png 1024w, https:\/\/aubert-lea.mmigrenoble-dev.fr\/wp-content\/uploads\/2026\/04\/Capture-decran-2026-04-29-091845-300x169.png 300w, https:\/\/aubert-lea.mmigrenoble-dev.fr\/wp-content\/uploads\/2026\/04\/Capture-decran-2026-04-29-091845-768x432.png 768w, https:\/\/aubert-lea.mmigrenoble-dev.fr\/wp-content\/uploads\/2026\/04\/Capture-decran-2026-04-29-091845.png 1187w\" sizes=\"(max-width: 800px) 100vw, 800px\" \/>\t\t\t\t\t\t\t\t\t\t\t\t\t\t\t<\/div>\n\t\t\t\t<\/div>\n\t\t<div class=\"elementor-element elementor-element-6b9b78b e-con-full e-flex wpr-particle-no wpr-jarallax-no wpr-parallax-no wpr-sticky-section-no wpr-equal-height-no e-con e-child\" data-id=\"6b9b78b\" data-element_type=\"container\" data-e-type=\"container\">\n\t\t\t\t<div class=\"elementor-element elementor-element-eab70d6 elementor-widget elementor-widget-heading\" data-id=\"eab70d6\" data-element_type=\"widget\" data-e-type=\"widget\" data-widget_type=\"heading.default\">\n\t\t\t\t\t<h2 class=\"elementor-heading-title elementor-size-default\">Des-espoirs<\/h2>\t\t\t\t<\/div>\n\t\t\t\t<div class=\"elementor-element elementor-element-4c8c9da elementor-widget elementor-widget-text-editor\" data-id=\"4c8c9da\" data-element_type=\"widget\" data-e-type=\"widget\" data-widget_type=\"text-editor.default\">\n\t\t\t\t\t\t\t\t\t<p data-path-to-node=\"3\">Ce court-m\u00e9trage est le deuxi\u00e8me projet auquel j&rsquo;ai eu le plaisir de contribuer. Ce fut pour moi une opportunit\u00e9 particuli\u00e8rement enrichissante puisque, contrairement \u00e0 ma premi\u00e8re exp\u00e9rience, j\u2019ai pu m\u2019impliquer pleinement dans chaque \u00e9tape de la cr\u00e9ation et suivre le processus de production dans sa globalit\u00e9.<\/p><p data-path-to-node=\"4\">Tout a commenc\u00e9 par une phase de r\u00e9flexion collective d&rsquo;un mois. Durant cette p\u00e9riode, nous avons longuement d\u00e9battu des th\u00e9matiques et explor\u00e9 diff\u00e9rents genres cin\u00e9matographiques afin de d\u00e9finir l&rsquo;identit\u00e9 du film et choisir le th\u00e8me qui porterait notre histoire.<\/p><p data-path-to-node=\"5\">.<\/p>\t\t\t\t\t\t\t\t<\/div>\n\t\t\t\t<\/div>\n\t\t<div class=\"elementor-element elementor-element-b5bb7bf e-con-full e-flex wpr-particle-no wpr-jarallax-no wpr-parallax-no wpr-sticky-section-no wpr-equal-height-no e-con e-child\" data-id=\"b5bb7bf\" data-element_type=\"container\" data-e-type=\"container\">\n\t\t\t\t<div class=\"elementor-element elementor-element-a51ca9f elementor-widget elementor-widget-heading\" data-id=\"a51ca9f\" data-element_type=\"widget\" data-e-type=\"widget\" data-widget_type=\"heading.default\">\n\t\t\t\t\t<h2 class=\"elementor-heading-title elementor-size-default\">Phase \u00e9criture<\/h2>\t\t\t\t<\/div>\n\t\t\t\t<div class=\"elementor-element elementor-element-53ef1c9 elementor-widget elementor-widget-text-editor\" data-id=\"53ef1c9\" data-element_type=\"widget\" data-e-type=\"widget\" data-widget_type=\"text-editor.default\">\n\t\t\t\t\t\t\t\t\t<p>L\u2019\u00e9tape de l\u2019\u00e9criture a ensuite \u00e9t\u00e9 la plus exigeante, s\u2019\u00e9tendant de Milieu octobre jusqu\u2019en janvier.&nbsp;<\/p>\n<p>Nous travaillions sur le sc\u00e9nario lors de sessions hebdomadaires en classe, chaque mardi. Pour stimuler la cr\u00e9ativit\u00e9, nous avons d&rsquo;abord \u00e9t\u00e9 divis\u00e9s en petits groupes afin de r\u00e9diger plusieurs pistes narratives.&nbsp;<\/p>\n<p>Finalement, nous avons mis toutes nos id\u00e9es en commun et, apr\u00e8s des d\u00e9bats passionn\u00e9s, nous avons s\u00e9lectionn\u00e9 l\u2019esquisse la plus prometteuse pour donner vie \u00e0 ce projet. Esquisse qu&rsquo;on a aussi par la suite retravailler pour la modeler et la refaire pour que cela plaise a chacun, Nous avons aussi eu la chance d&rsquo;etre accompagn\u00e9 en plus de nos professeur par une intervenante ext\u00e9rieure.<\/p><p><br><\/p>\t\t\t\t\t\t\t\t<\/div>\n\t\t\t\t<\/div>\n\t\t<div class=\"elementor-element elementor-element-c0b1d19 e-con-full e-flex wpr-particle-no wpr-jarallax-no wpr-parallax-no wpr-sticky-section-no wpr-equal-height-no e-con e-child\" data-id=\"c0b1d19\" data-element_type=\"container\" data-e-type=\"container\">\n\t\t\t\t<div class=\"elementor-element elementor-element-b98f72e elementor-widget elementor-widget-text-editor\" data-id=\"b98f72e\" data-element_type=\"widget\" data-e-type=\"widget\" data-widget_type=\"text-editor.default\">\n\t\t\t\t\t\t\t\t\t<p><br><\/p><p><br><\/p><p>Cette partie \u00e9tait sans aucun doute la plus compliqu\u00e9, pour ce mettre d&rsquo;accord sur l&rsquo;\u00e9criture sure ce qui va ce passer on as du changer plusieurs fois a l&rsquo;\u00e9criture.<\/p>\n<p>&nbsp;trouver les id\u00e9e n&rsquo;\u00e9tait pas non plus les plus simple heureusement on as eu des professeur extraordinaire pour nous aider et nous aiguiller.<\/p>\n<p><br><\/p>\t\t\t\t\t\t\t\t<\/div>\n\t\t\t\t<div class=\"elementor-element elementor-element-a5cd1a8 elementor-widget elementor-widget-heading\" data-id=\"a5cd1a8\" data-element_type=\"widget\" data-e-type=\"widget\" data-widget_type=\"heading.default\">\n\t\t\t\t\t<h2 class=\"elementor-heading-title elementor-size-default\">Pr\u00e9 Production<\/h2>\t\t\t\t<\/div>\n\t\t\t\t<div class=\"elementor-element elementor-element-8fa5a65 elementor-widget elementor-widget-text-editor\" data-id=\"8fa5a65\" data-element_type=\"widget\" data-e-type=\"widget\" data-widget_type=\"text-editor.default\">\n\t\t\t\t\t\t\t\t\t<p>On a eu pas mal de chose a faire en pr\u00e9 production, comme le choix des acteurs, et des r\u00f4les que chaque personne auras sur les deux jours de tournages.\u00a0<\/p><p>On a aussi fait du rep\u00e9rage pour les lieux de tournage puis r\u00e9aliser une sorte de shotlist pour le d\u00e9roulement des deux jours.<\/p>\t\t\t\t\t\t\t\t<\/div>\n\t\t\t\t<\/div>\n\t\t<div class=\"elementor-element elementor-element-e07d7c7 e-con-full e-flex wpr-particle-no wpr-jarallax-no wpr-parallax-no wpr-sticky-section-no wpr-equal-height-no e-con e-child\" data-id=\"e07d7c7\" data-element_type=\"container\" data-e-type=\"container\">\n\t\t\t\t<div class=\"elementor-element elementor-element-2c6db0c elementor-widget elementor-widget-image\" data-id=\"2c6db0c\" data-element_type=\"widget\" data-e-type=\"widget\" data-widget_type=\"image.default\">\n\t\t\t\t\t\t\t\t\t\t\t\t\t\t\t<img decoding=\"async\" src=\"https:\/\/aubert-lea.mmigrenoble-dev.fr\/wp-content\/uploads\/elementor\/thumbs\/TOURNAGE-2-1-e1777487094188-rmqdo4ba5zjmf2jaajey3r7ted8lsl2tbkg58ogx40.jpg\" title=\"TOURNAGE 2\" alt=\"TOURNAGE 2\" loading=\"lazy\" \/>\t\t\t\t\t\t\t\t\t\t\t\t\t\t\t<\/div>\n\t\t\t\t<\/div>\n\t\t<div class=\"elementor-element elementor-element-ebb4305 e-con-full e-flex wpr-particle-no wpr-jarallax-no wpr-parallax-no wpr-sticky-section-no wpr-equal-height-no e-con e-child\" data-id=\"ebb4305\" data-element_type=\"container\" data-e-type=\"container\">\n\t\t\t\t<div class=\"elementor-element elementor-element-cf105cd elementor-widget elementor-widget-image\" data-id=\"cf105cd\" data-element_type=\"widget\" data-e-type=\"widget\" data-widget_type=\"image.default\">\n\t\t\t\t\t\t\t\t\t\t\t\t\t\t\t<img decoding=\"async\" src=\"https:\/\/aubert-lea.mmigrenoble-dev.fr\/wp-content\/uploads\/elementor\/thumbs\/Tournage-1-e1777487269804-rmqdsot1dzssutwcm0inq3phcspu7m7ua6m483p0v4.jpg\" title=\"Tournage 1\" alt=\"Tournage 1\" loading=\"lazy\" \/>\t\t\t\t\t\t\t\t\t\t\t\t\t\t\t<\/div>\n\t\t\t\t<\/div>\n\t\t<div class=\"elementor-element elementor-element-8412ff2 e-con-full e-flex wpr-particle-no wpr-jarallax-no wpr-parallax-no wpr-sticky-section-no wpr-equal-height-no e-con e-child\" data-id=\"8412ff2\" data-element_type=\"container\" data-e-type=\"container\">\n\t\t\t\t<div class=\"elementor-element elementor-element-3b1d7bf elementor-widget elementor-widget-heading\" data-id=\"3b1d7bf\" data-element_type=\"widget\" data-e-type=\"widget\" data-widget_type=\"heading.default\">\n\t\t\t\t\t<h2 class=\"elementor-heading-title elementor-size-default\">Tournage<\/h2>\t\t\t\t<\/div>\n\t\t\t\t<div class=\"elementor-element elementor-element-f2ae577 elementor-widget elementor-widget-text-editor\" data-id=\"f2ae577\" data-element_type=\"widget\" data-e-type=\"widget\" data-widget_type=\"text-editor.default\">\n\t\t\t\t\t\t\t\t\t<p data-path-to-node=\"3\">Le tournage a \u00e9t\u00e9 particuli\u00e8rement intense : deux jours complets en immersion totale. Nous avons eu la chance d\u2019\u00eatre encadr\u00e9s par des professionnels qui nous ont \u00e9paul\u00e9s sur la technique et la direction d\u2019acteurs. C\u2019\u00e9tait un d\u00e9fi de chaque instant, mais une exp\u00e9rience incroyable. Par miracle, nous n&rsquo;avons pas eu de r\u00e9elles gal\u00e8res de tournage, et c\u2019est tant mieux ! Le planning a \u00e9t\u00e9 respect\u00e9 et chacun a su remplir son r\u00f4le en temps et en heure.<\/p><p data-path-to-node=\"4\">Durant ces deux jours, j&rsquo;ai pu observer de pr\u00e8s chacun des postes. M\u00eame si je n&rsquo;ai pas touch\u00e9 \u00e0 tout, j&rsquo;ai \u00e9t\u00e9 tr\u00e8s attentive au travail de l&rsquo;\u00e9quipe : j&rsquo;ai notamment \u00e9t\u00e9 marqu\u00e9e par le nombre de prises n\u00e9cessaires pour obtenir le r\u00e9sultat parfait, m\u00eame pour un court-m\u00e9trage de moins de 10 minutes.<\/p>\t\t\t\t\t\t\t\t<\/div>\n\t\t\t\t<\/div>\n\t\t<div class=\"elementor-element elementor-element-634e259 e-con-full e-flex wpr-particle-no wpr-jarallax-no wpr-parallax-no wpr-sticky-section-no wpr-equal-height-no e-con e-child\" data-id=\"634e259\" data-element_type=\"container\" data-e-type=\"container\">\n\t\t\t\t<div class=\"elementor-element elementor-element-1eb3bba elementor-widget elementor-widget-text-editor\" data-id=\"1eb3bba\" data-element_type=\"widget\" data-e-type=\"widget\" data-widget_type=\"text-editor.default\">\n\t\t\t\t\t\t\t\t\t<p>\u00a0<\/p><p>Au bout de ces deux jours, nous \u00e9tions tous heureux du travail accompli. Ce fut l&rsquo;une de mes meilleures exp\u00e9riences scolaires. C&rsquo;est un d\u00e9fi que je referais volontiers aujourd&rsquo;hui, d&rsquo;autant plus qu&rsquo;avec ma formation actuelle, j&rsquo;ai d\u00e9sormais des bases encore plus solides en audio et en vid\u00e9o pour mieux appr\u00e9hender chaque poste.<\/p>\t\t\t\t\t\t\t\t<\/div>\n\t\t\t\t<\/div>\n\t\t<div class=\"elementor-element elementor-element-51733f8 e-con-full e-flex wpr-particle-no wpr-jarallax-no wpr-parallax-no wpr-sticky-section-no wpr-equal-height-no e-con e-child\" data-id=\"51733f8\" data-element_type=\"container\" data-e-type=\"container\">\n\t\t\t\t<div class=\"elementor-element elementor-element-f3a347d elementor-widget elementor-widget-image\" data-id=\"f3a347d\" data-element_type=\"widget\" data-e-type=\"widget\" data-widget_type=\"image.default\">\n\t\t\t\t\t\t\t\t\t\t\t\t\t\t\t<img decoding=\"async\" src=\"https:\/\/aubert-lea.mmigrenoble-dev.fr\/wp-content\/uploads\/elementor\/thumbs\/affiche-rmqeyczgdkvkho1ty6c5bst67g820blt7esq7myn3k.jpg\" title=\"affiche\" alt=\"affiche\" loading=\"lazy\" \/>\t\t\t\t\t\t\t\t\t\t\t\t\t\t\t<\/div>\n\t\t\t\t<\/div>\n\t\t<div class=\"elementor-element elementor-element-d20e072 e-con-full e-flex wpr-particle-no wpr-jarallax-no wpr-parallax-no wpr-sticky-section-no wpr-equal-height-no e-con e-child\" data-id=\"d20e072\" data-element_type=\"container\" data-e-type=\"container\">\n\t\t\t\t<div class=\"elementor-element elementor-element-ae83514 elementor-widget elementor-widget-heading\" data-id=\"ae83514\" data-element_type=\"widget\" data-e-type=\"widget\" data-widget_type=\"heading.default\">\n\t\t\t\t\t<h2 class=\"elementor-heading-title elementor-size-default\">Post Production <\/h2>\t\t\t\t<\/div>\n\t\t\t\t<div class=\"elementor-element elementor-element-17bb828 elementor-widget elementor-widget-text-editor\" data-id=\"17bb828\" data-element_type=\"widget\" data-e-type=\"widget\" data-widget_type=\"text-editor.default\">\n\t\t\t\t\t\t\t\t\t<p>Apr\u00e8s le tournage on a pas fait beaucoup de chose a part concevoir les affiches,\u00a0<\/p><p>comme pour l&rsquo;\u00e9criture on \u00e9tait par groupe et chaque groupe devait faire une affiche et la pr\u00e9sent\u00e9 puis on voter pour celle qu&rsquo;on pr\u00e9f\u00e9r\u00e9e.<\/p><p>Une exp\u00e9rience qui pour moi \u00e9tait inoubliable.<\/p><p>Vous \u00e9tes curieux du r\u00e9sultat ?<\/p><p>\u00a0<\/p><p>\u00a0<\/p>\t\t\t\t\t\t\t\t<\/div>\n\t\t\t\t<div class=\"elementor-element elementor-element-0a937f7 elementor-align-center elementor-widget elementor-widget-button\" data-id=\"0a937f7\" data-element_type=\"widget\" data-e-type=\"widget\" data-widget_type=\"button.default\">\n\t\t\t\t\t\t\t\t\t\t<a class=\"elementor-button elementor-button-link elementor-size-sm\" href=\"https:\/\/youtu.be\/Z-DHOtDBLTU?si=BcEyiCD84CVdFWx-\">\n\t\t\t\t\t\t<span class=\"elementor-button-content-wrapper\">\n\t\t\t\t\t\t\t\t\t<span class=\"elementor-button-text\">Visionnez moi !<\/span>\n\t\t\t\t\t<\/span>\n\t\t\t\t\t<\/a>\n\t\t\t\t\t\t\t\t<\/div>\n\t\t\t\t<\/div>\n\t\t\t\t<\/div>\n\t\t\t\t\t<\/div>\n\t\t\t\t<\/div>\n\t\t\t\t<\/div>\n\t\t","protected":false},"excerpt":{"rendered":"<p>Des-espoirs Ce court-m\u00e9trage est le deuxi\u00e8me projet auquel j&rsquo;ai eu le plaisir de contribuer. Ce fut pour moi une opportunit\u00e9 particuli\u00e8rement enrichissante puisque, contrairement \u00e0 ma premi\u00e8re exp\u00e9rience, j\u2019ai pu m\u2019impliquer pleinement dans chaque \u00e9tape de la cr\u00e9ation et suivre le processus de production dans sa globalit\u00e9. Tout a commenc\u00e9 par une phase de r\u00e9flexion collective d&rsquo;un mois. Durant cette p\u00e9riode, nous avons longuement d\u00e9battu des th\u00e9matiques et explor\u00e9 diff\u00e9rents genres cin\u00e9matographiques afin de d\u00e9finir l&rsquo;identit\u00e9 du film et choisir le th\u00e8me qui porterait notre histoire. . Phase \u00e9criture L\u2019\u00e9tape de l\u2019\u00e9criture a ensuite \u00e9t\u00e9 la plus exigeante, s\u2019\u00e9tendant de Milieu octobre jusqu\u2019en janvier.&nbsp; Nous travaillions sur le sc\u00e9nario lors de sessions hebdomadaires en classe, chaque mardi. Pour stimuler la cr\u00e9ativit\u00e9, nous avons d&rsquo;abord \u00e9t\u00e9 divis\u00e9s en petits groupes afin de r\u00e9diger plusieurs pistes narratives.&nbsp; Finalement, nous avons mis toutes nos id\u00e9es en commun et, apr\u00e8s des d\u00e9bats passionn\u00e9s, nous avons s\u00e9lectionn\u00e9 l\u2019esquisse la plus prometteuse pour donner vie \u00e0 ce projet. Esquisse qu&rsquo;on a aussi par la suite retravailler pour la modeler et la refaire pour que cela plaise a chacun, Nous avons aussi eu la chance d&rsquo;etre accompagn\u00e9 en plus de nos professeur par une intervenante ext\u00e9rieure. Cette partie \u00e9tait sans aucun doute la plus compliqu\u00e9, pour ce mettre d&rsquo;accord sur l&rsquo;\u00e9criture sure ce qui va ce passer on as du changer plusieurs fois a l&rsquo;\u00e9criture. &nbsp;trouver les id\u00e9e n&rsquo;\u00e9tait pas non plus les plus simple heureusement on as eu des professeur extraordinaire pour nous aider et nous aiguiller. Pr\u00e9 Production On a eu pas mal de chose a faire en pr\u00e9 production, comme le choix des acteurs, et des r\u00f4les que chaque personne auras sur les deux jours de tournages.\u00a0 On a aussi fait du rep\u00e9rage pour les lieux de tournage puis r\u00e9aliser une sorte de shotlist pour le d\u00e9roulement des deux jours. Tournage Le tournage a \u00e9t\u00e9 particuli\u00e8rement intense : deux jours complets en immersion totale. Nous avons eu la chance d\u2019\u00eatre encadr\u00e9s par des professionnels qui nous ont \u00e9paul\u00e9s sur la technique et la direction d\u2019acteurs. C\u2019\u00e9tait un d\u00e9fi de chaque instant, mais une exp\u00e9rience incroyable. Par miracle, nous n&rsquo;avons pas eu de r\u00e9elles gal\u00e8res de tournage, et c\u2019est tant mieux ! Le planning a \u00e9t\u00e9 respect\u00e9 et chacun a su remplir son r\u00f4le en temps et en heure. Durant ces deux jours, j&rsquo;ai pu observer de pr\u00e8s chacun des postes. M\u00eame si je n&rsquo;ai pas touch\u00e9 \u00e0 tout, j&rsquo;ai \u00e9t\u00e9 tr\u00e8s attentive au travail de l&rsquo;\u00e9quipe : j&rsquo;ai notamment \u00e9t\u00e9 marqu\u00e9e par le nombre de prises n\u00e9cessaires pour obtenir le r\u00e9sultat parfait, m\u00eame pour un court-m\u00e9trage de moins de 10 minutes. \u00a0 Au bout de ces deux jours, nous \u00e9tions tous heureux du travail accompli. Ce fut l&rsquo;une de mes meilleures exp\u00e9riences scolaires. C&rsquo;est un d\u00e9fi que je referais volontiers aujourd&rsquo;hui, d&rsquo;autant plus qu&rsquo;avec ma formation actuelle, j&rsquo;ai d\u00e9sormais des bases encore plus solides en audio et en vid\u00e9o pour mieux appr\u00e9hender chaque poste. Post Production Apr\u00e8s le tournage on a pas fait beaucoup de chose a part concevoir les affiches,\u00a0 comme pour l&rsquo;\u00e9criture on \u00e9tait par groupe et chaque groupe devait faire une affiche et la pr\u00e9sent\u00e9 puis on voter pour celle qu&rsquo;on pr\u00e9f\u00e9r\u00e9e. Une exp\u00e9rience qui pour moi \u00e9tait inoubliable. Vous \u00e9tes curieux du r\u00e9sultat ? \u00a0 \u00a0 Visionnez moi !<\/p>\n","protected":false},"author":4,"featured_media":0,"parent":0,"menu_order":0,"comment_status":"closed","ping_status":"closed","template":"","meta":{"footnotes":""},"class_list":["post-149","page","type-page","status-publish","hentry"],"_links":{"self":[{"href":"https:\/\/aubert-lea.mmigrenoble-dev.fr\/index.php?rest_route=\/wp\/v2\/pages\/149","targetHints":{"allow":["GET"]}}],"collection":[{"href":"https:\/\/aubert-lea.mmigrenoble-dev.fr\/index.php?rest_route=\/wp\/v2\/pages"}],"about":[{"href":"https:\/\/aubert-lea.mmigrenoble-dev.fr\/index.php?rest_route=\/wp\/v2\/types\/page"}],"author":[{"embeddable":true,"href":"https:\/\/aubert-lea.mmigrenoble-dev.fr\/index.php?rest_route=\/wp\/v2\/users\/4"}],"replies":[{"embeddable":true,"href":"https:\/\/aubert-lea.mmigrenoble-dev.fr\/index.php?rest_route=%2Fwp%2Fv2%2Fcomments&post=149"}],"version-history":[{"count":4,"href":"https:\/\/aubert-lea.mmigrenoble-dev.fr\/index.php?rest_route=\/wp\/v2\/pages\/149\/revisions"}],"predecessor-version":[{"id":160,"href":"https:\/\/aubert-lea.mmigrenoble-dev.fr\/index.php?rest_route=\/wp\/v2\/pages\/149\/revisions\/160"}],"wp:attachment":[{"href":"https:\/\/aubert-lea.mmigrenoble-dev.fr\/index.php?rest_route=%2Fwp%2Fv2%2Fmedia&parent=149"}],"curies":[{"name":"wp","href":"https:\/\/api.w.org\/{rel}","templated":true}]}}