{"id":55,"date":"2026-04-28T14:36:52","date_gmt":"2026-04-28T14:36:52","guid":{"rendered":"https:\/\/aubert-lea.mmigrenoble-dev.fr\/?page_id=55"},"modified":"2026-04-29T19:12:22","modified_gmt":"2026-04-29T19:12:22","slug":"realisation","status":"publish","type":"page","link":"https:\/\/aubert-lea.mmigrenoble-dev.fr\/?page_id=55","title":{"rendered":"R\u00e9alisation"},"content":{"rendered":"\t\t<div data-elementor-type=\"wp-page\" data-elementor-id=\"55\" class=\"elementor elementor-55\">\n\t\t\t\t<div class=\"elementor-element elementor-element-ffa1e9f e-flex e-con-boxed wpr-particle-no wpr-jarallax-no wpr-parallax-no wpr-sticky-section-no wpr-equal-height-no e-con e-parent\" data-id=\"ffa1e9f\" data-element_type=\"container\" data-e-type=\"container\">\n\t\t\t\t\t<div class=\"e-con-inner\">\n\t\t\t\t<div class=\"elementor-element elementor-element-16686b2 elementor-widget elementor-widget-heading\" data-id=\"16686b2\" data-element_type=\"widget\" data-e-type=\"widget\" data-widget_type=\"heading.default\">\n\t\t\t\t\t<h2 class=\"elementor-heading-title elementor-size-default\"><br>Court M\u00e9trage<\/h2>\t\t\t\t<\/div>\n\t\t<div class=\"elementor-element elementor-element-8760000 e-grid e-con-full wpr-particle-no wpr-jarallax-no wpr-parallax-no wpr-sticky-section-no wpr-equal-height-no e-con e-child\" data-id=\"8760000\" data-element_type=\"container\" data-e-type=\"container\">\n\t\t<div class=\"elementor-element elementor-element-8486639 e-con-full e-flex wpr-particle-no wpr-jarallax-no wpr-parallax-no wpr-sticky-section-no wpr-equal-height-no e-con e-child\" data-id=\"8486639\" data-element_type=\"container\" data-e-type=\"container\">\n\t\t\t\t<div class=\"elementor-element elementor-element-12b51bf elementor-widget elementor-widget-image\" data-id=\"12b51bf\" data-element_type=\"widget\" data-e-type=\"widget\" data-widget_type=\"image.default\">\n\t\t\t\t\t\t\t\t\t\t\t\t\t\t\t<img fetchpriority=\"high\" decoding=\"async\" width=\"800\" height=\"390\" src=\"https:\/\/aubert-lea.mmigrenoble-dev.fr\/wp-content\/uploads\/2026\/04\/image_2026-04-29_092121772-1024x499.png\" class=\"attachment-large size-large wp-image-98\" alt=\"\" srcset=\"https:\/\/aubert-lea.mmigrenoble-dev.fr\/wp-content\/uploads\/2026\/04\/image_2026-04-29_092121772-1024x499.png 1024w, https:\/\/aubert-lea.mmigrenoble-dev.fr\/wp-content\/uploads\/2026\/04\/image_2026-04-29_092121772-300x146.png 300w, https:\/\/aubert-lea.mmigrenoble-dev.fr\/wp-content\/uploads\/2026\/04\/image_2026-04-29_092121772-768x374.png 768w, https:\/\/aubert-lea.mmigrenoble-dev.fr\/wp-content\/uploads\/2026\/04\/image_2026-04-29_092121772.png 1188w\" sizes=\"(max-width: 800px) 100vw, 800px\" \/>\t\t\t\t\t\t\t\t\t\t\t\t\t\t\t<\/div>\n\t\t\t\t<\/div>\n\t\t<div class=\"elementor-element elementor-element-f57da55 e-con-full e-flex wpr-particle-no wpr-jarallax-no wpr-parallax-no wpr-sticky-section-no wpr-equal-height-no e-con e-child\" data-id=\"f57da55\" data-element_type=\"container\" data-e-type=\"container\">\n\t\t\t\t<div class=\"elementor-element elementor-element-c1e992c elementor-widget elementor-widget-heading\" data-id=\"c1e992c\" data-element_type=\"widget\" data-e-type=\"widget\" data-widget_type=\"heading.default\">\n\t\t\t\t\t<h2 class=\"elementor-heading-title elementor-size-default\">Peins !<\/h2>\t\t\t\t<\/div>\n\t\t\t\t<div class=\"elementor-element elementor-element-281a1c7 elementor-widget elementor-widget-text-editor\" data-id=\"281a1c7\" data-element_type=\"widget\" data-e-type=\"widget\" data-widget_type=\"text-editor.default\">\n\t\t\t\t\t\t\t\t\t<p>Peins est un court m\u00e9trage r\u00e9alis\u00e9 en 2023\/2024 lors de l&rsquo;atelier cin\u00e9ma au lyc\u00e9e,&nbsp; j&rsquo;ai eu la chance de participer a l&rsquo;\u00e9criture de ce court m\u00e9trage, Cela a \u00e9tait ma premi\u00e8re vrais \u00e9xperience cin\u00e9matographique.&nbsp;<\/p>\n<p>vous voulez voir le court m\u00e9trage ?<\/p>\t\t\t\t\t\t\t\t<\/div>\n\t\t\t\t<div class=\"elementor-element elementor-element-e15e6d9 elementor-widget elementor-widget-button\" data-id=\"e15e6d9\" data-element_type=\"widget\" data-e-type=\"widget\" data-widget_type=\"button.default\">\n\t\t\t\t\t\t\t\t\t\t<a class=\"elementor-button elementor-button-link elementor-size-sm\" href=\"https:\/\/youtu.be\/lDzEMS7ciB0?si=3wwEpvo6GVEWp9e9\">\n\t\t\t\t\t\t<span class=\"elementor-button-content-wrapper\">\n\t\t\t\t\t\t\t\t\t<span class=\"elementor-button-text\">Regarder la vid\u00e9o<\/span>\n\t\t\t\t\t<\/span>\n\t\t\t\t\t<\/a>\n\t\t\t\t\t\t\t\t<\/div>\n\t\t\t\t<\/div>\n\t\t<div class=\"elementor-element elementor-element-3a46db6 e-con-full e-flex wpr-particle-no wpr-jarallax-no wpr-parallax-no wpr-sticky-section-no wpr-equal-height-no e-con e-child\" data-id=\"3a46db6\" data-element_type=\"container\" data-e-type=\"container\">\n\t\t\t\t<div class=\"elementor-element elementor-element-1f660ea elementor-widget elementor-widget-heading\" data-id=\"1f660ea\" data-element_type=\"widget\" data-e-type=\"widget\" data-widget_type=\"heading.default\">\n\t\t\t\t\t<h2 class=\"elementor-heading-title elementor-size-default\"><br>Des-espoirs<\/h2>\t\t\t\t<\/div>\n\t\t\t\t<div class=\"elementor-element elementor-element-854be1f elementor-widget elementor-widget-text-editor\" data-id=\"854be1f\" data-element_type=\"widget\" data-e-type=\"widget\" data-widget_type=\"text-editor.default\">\n\t\t\t\t\t\t\t\t\t<p>J&rsquo;ai r\u00e9aliser un deuxieme court m\u00e9trage lors de mes ann\u00e9e lyc\u00e9e ! cette fois si j&rsquo;\u00e9tait non seulement a l&rsquo;\u00e9criture mais aussi au tournage, J&rsquo;ai non seulement ador\u00e9 cette \u00e9xperience mais je suis aussi fier de ce que nous avons pus produire lors de ces deux ann\u00e9e.<\/p><p>Vous voulez en savoir plus sur ce projet ?<\/p>\t\t\t\t\t\t\t\t<\/div>\n\t\t\t\t<div class=\"elementor-element elementor-element-a6497b9 elementor-button-info elementor-widget elementor-widget-button\" data-id=\"a6497b9\" data-element_type=\"widget\" data-e-type=\"widget\" data-widget_type=\"button.default\">\n\t\t\t\t\t\t\t\t\t\t<a class=\"elementor-button elementor-button-link elementor-size-sm\" href=\"https:\/\/aubert-lea.mmigrenoble-dev.fr\/?page_id=149\">\n\t\t\t\t\t\t<span class=\"elementor-button-content-wrapper\">\n\t\t\t\t\t\t\t\t\t<span class=\"elementor-button-text\">Cliquez ici<\/span>\n\t\t\t\t\t<\/span>\n\t\t\t\t\t<\/a>\n\t\t\t\t\t\t\t\t<\/div>\n\t\t\t\t<\/div>\n\t\t<div class=\"elementor-element elementor-element-f6ec1fe e-con-full e-flex wpr-particle-no wpr-jarallax-no wpr-parallax-no wpr-sticky-section-no wpr-equal-height-no e-con e-child\" data-id=\"f6ec1fe\" data-element_type=\"container\" data-e-type=\"container\">\n\t\t\t\t<div class=\"elementor-element elementor-element-e5f1486 elementor-widget elementor-widget-image\" data-id=\"e5f1486\" data-element_type=\"widget\" data-e-type=\"widget\" data-widget_type=\"image.default\">\n\t\t\t\t\t\t\t\t\t\t\t\t\t\t\t<img decoding=\"async\" width=\"800\" height=\"449\" src=\"https:\/\/aubert-lea.mmigrenoble-dev.fr\/wp-content\/uploads\/2026\/04\/Capture-decran-2026-04-29-091845-1024x575.png\" class=\"attachment-large size-large wp-image-99\" alt=\"\" srcset=\"https:\/\/aubert-lea.mmigrenoble-dev.fr\/wp-content\/uploads\/2026\/04\/Capture-decran-2026-04-29-091845-1024x575.png 1024w, https:\/\/aubert-lea.mmigrenoble-dev.fr\/wp-content\/uploads\/2026\/04\/Capture-decran-2026-04-29-091845-300x169.png 300w, https:\/\/aubert-lea.mmigrenoble-dev.fr\/wp-content\/uploads\/2026\/04\/Capture-decran-2026-04-29-091845-768x432.png 768w, https:\/\/aubert-lea.mmigrenoble-dev.fr\/wp-content\/uploads\/2026\/04\/Capture-decran-2026-04-29-091845.png 1187w\" sizes=\"(max-width: 800px) 100vw, 800px\" \/>\t\t\t\t\t\t\t\t\t\t\t\t\t\t\t<\/div>\n\t\t\t\t<\/div>\n\t\t\t\t<\/div>\n\t\t\t\t\t<\/div>\n\t\t\t\t<\/div>\n\t\t<div class=\"elementor-element elementor-element-b1e7b2f e-flex e-con-boxed wpr-particle-no wpr-jarallax-no wpr-parallax-no wpr-sticky-section-no wpr-equal-height-no e-con e-parent\" data-id=\"b1e7b2f\" data-element_type=\"container\" data-e-type=\"container\">\n\t\t\t\t\t<div class=\"e-con-inner\">\n\t\t\t\t<div class=\"elementor-element elementor-element-69f370a elementor-widget elementor-widget-heading\" data-id=\"69f370a\" data-element_type=\"widget\" data-e-type=\"widget\" data-widget_type=\"heading.default\">\n\t\t\t\t\t<h2 class=\"elementor-heading-title elementor-size-default\"><br>Dessins Personnels<\/h2>\t\t\t\t<\/div>\n\t\t<div class=\"elementor-element elementor-element-20d9bcb e-grid e-con-full wpr-particle-no wpr-jarallax-no wpr-parallax-no wpr-sticky-section-no wpr-equal-height-no e-con e-child\" data-id=\"20d9bcb\" data-element_type=\"container\" data-e-type=\"container\">\n\t\t<div class=\"elementor-element elementor-element-94cef9d e-con-full e-flex wpr-particle-no wpr-jarallax-no wpr-parallax-no wpr-sticky-section-no wpr-equal-height-no e-con e-child\" data-id=\"94cef9d\" data-element_type=\"container\" data-e-type=\"container\">\n\t\t\t\t<div class=\"elementor-element elementor-element-bfd79c0 elementor-widget elementor-widget-image\" data-id=\"bfd79c0\" data-element_type=\"widget\" data-e-type=\"widget\" data-widget_type=\"image.default\">\n\t\t\t\t\t\t\t\t\t\t\t\t\t\t\t<img decoding=\"async\" width=\"768\" height=\"1024\" src=\"https:\/\/aubert-lea.mmigrenoble-dev.fr\/wp-content\/uploads\/2026\/04\/Dessins-5-768x1024.jpg\" class=\"attachment-large size-large wp-image-122\" alt=\"\" srcset=\"https:\/\/aubert-lea.mmigrenoble-dev.fr\/wp-content\/uploads\/2026\/04\/Dessins-5-768x1024.jpg 768w, https:\/\/aubert-lea.mmigrenoble-dev.fr\/wp-content\/uploads\/2026\/04\/Dessins-5-225x300.jpg 225w, https:\/\/aubert-lea.mmigrenoble-dev.fr\/wp-content\/uploads\/2026\/04\/Dessins-5-1152x1536.jpg 1152w, https:\/\/aubert-lea.mmigrenoble-dev.fr\/wp-content\/uploads\/2026\/04\/Dessins-5-1536x2048.jpg 1536w, https:\/\/aubert-lea.mmigrenoble-dev.fr\/wp-content\/uploads\/2026\/04\/Dessins-5-scaled.jpg 1920w\" sizes=\"(max-width: 768px) 100vw, 768px\" \/>\t\t\t\t\t\t\t\t\t\t\t\t\t\t\t<\/div>\n\t\t\t\t<\/div>\n\t\t<div class=\"elementor-element elementor-element-3ab0aef e-con-full e-flex wpr-particle-no wpr-jarallax-no wpr-parallax-no wpr-sticky-section-no wpr-equal-height-no e-con e-child\" data-id=\"3ab0aef\" data-element_type=\"container\" data-e-type=\"container\">\n\t\t\t\t<div class=\"elementor-element elementor-element-0a9abc3 elementor-widget elementor-widget-heading\" data-id=\"0a9abc3\" data-element_type=\"widget\" data-e-type=\"widget\" data-widget_type=\"heading.default\">\n\t\t\t\t\t<h2 class=\"elementor-heading-title elementor-size-default\">Paysage<\/h2>\t\t\t\t<\/div>\n\t\t\t\t<\/div>\n\t\t<div class=\"elementor-element elementor-element-277beac e-con-full e-flex wpr-particle-no wpr-jarallax-no wpr-parallax-no wpr-sticky-section-no wpr-equal-height-no e-con e-child\" data-id=\"277beac\" data-element_type=\"container\" data-e-type=\"container\">\n\t\t\t\t<div class=\"elementor-element elementor-element-8d33ec3 elementor-widget elementor-widget-heading\" data-id=\"8d33ec3\" data-element_type=\"widget\" data-e-type=\"widget\" data-widget_type=\"heading.default\">\n\t\t\t\t\t<h2 class=\"elementor-heading-title elementor-size-default\">Renard<\/h2>\t\t\t\t<\/div>\n\t\t\t\t<\/div>\n\t\t<div class=\"elementor-element elementor-element-9cf0fb3 e-con-full e-flex wpr-particle-no wpr-jarallax-no wpr-parallax-no wpr-sticky-section-no wpr-equal-height-no e-con e-child\" data-id=\"9cf0fb3\" data-element_type=\"container\" data-e-type=\"container\">\n\t\t\t\t<div class=\"elementor-element elementor-element-48ab485 elementor-widget elementor-widget-image\" data-id=\"48ab485\" data-element_type=\"widget\" data-e-type=\"widget\" data-widget_type=\"image.default\">\n\t\t\t\t\t\t\t\t\t\t\t\t\t\t\t<img loading=\"lazy\" decoding=\"async\" width=\"768\" height=\"1024\" src=\"https:\/\/aubert-lea.mmigrenoble-dev.fr\/wp-content\/uploads\/2026\/04\/Dessin-2-768x1024.jpg\" class=\"attachment-large size-large wp-image-125\" alt=\"\" srcset=\"https:\/\/aubert-lea.mmigrenoble-dev.fr\/wp-content\/uploads\/2026\/04\/Dessin-2-768x1024.jpg 768w, https:\/\/aubert-lea.mmigrenoble-dev.fr\/wp-content\/uploads\/2026\/04\/Dessin-2-225x300.jpg 225w, https:\/\/aubert-lea.mmigrenoble-dev.fr\/wp-content\/uploads\/2026\/04\/Dessin-2-1152x1536.jpg 1152w, https:\/\/aubert-lea.mmigrenoble-dev.fr\/wp-content\/uploads\/2026\/04\/Dessin-2-1536x2048.jpg 1536w, https:\/\/aubert-lea.mmigrenoble-dev.fr\/wp-content\/uploads\/2026\/04\/Dessin-2-scaled.jpg 1920w\" sizes=\"(max-width: 768px) 100vw, 768px\" \/>\t\t\t\t\t\t\t\t\t\t\t\t\t\t\t<\/div>\n\t\t\t\t<\/div>\n\t\t<div class=\"elementor-element elementor-element-61ded7c e-con-full e-flex wpr-particle-no wpr-jarallax-no wpr-parallax-no wpr-sticky-section-no wpr-equal-height-no e-con e-child\" data-id=\"61ded7c\" data-element_type=\"container\" data-e-type=\"container\">\n\t\t\t\t<div class=\"elementor-element elementor-element-071a376 elementor-widget elementor-widget-image\" data-id=\"071a376\" data-element_type=\"widget\" data-e-type=\"widget\" data-widget_type=\"image.default\">\n\t\t\t\t\t\t\t\t\t\t\t\t\t\t\t<img loading=\"lazy\" decoding=\"async\" width=\"768\" height=\"1024\" src=\"https:\/\/aubert-lea.mmigrenoble-dev.fr\/wp-content\/uploads\/2026\/04\/Dessin-3-768x1024.jpg\" class=\"attachment-large size-large wp-image-124\" alt=\"\" srcset=\"https:\/\/aubert-lea.mmigrenoble-dev.fr\/wp-content\/uploads\/2026\/04\/Dessin-3-768x1024.jpg 768w, https:\/\/aubert-lea.mmigrenoble-dev.fr\/wp-content\/uploads\/2026\/04\/Dessin-3-225x300.jpg 225w, https:\/\/aubert-lea.mmigrenoble-dev.fr\/wp-content\/uploads\/2026\/04\/Dessin-3-1152x1536.jpg 1152w, https:\/\/aubert-lea.mmigrenoble-dev.fr\/wp-content\/uploads\/2026\/04\/Dessin-3-1536x2048.jpg 1536w, https:\/\/aubert-lea.mmigrenoble-dev.fr\/wp-content\/uploads\/2026\/04\/Dessin-3-scaled.jpg 1920w\" sizes=\"(max-width: 768px) 100vw, 768px\" \/>\t\t\t\t\t\t\t\t\t\t\t\t\t\t\t<\/div>\n\t\t\t\t<\/div>\n\t\t<div class=\"elementor-element elementor-element-205893a e-con-full e-flex wpr-particle-no wpr-jarallax-no wpr-parallax-no wpr-sticky-section-no wpr-equal-height-no e-con e-child\" data-id=\"205893a\" data-element_type=\"container\" data-e-type=\"container\">\n\t\t\t\t<div class=\"elementor-element elementor-element-17e8e40 elementor-widget elementor-widget-heading\" data-id=\"17e8e40\" data-element_type=\"widget\" data-e-type=\"widget\" data-widget_type=\"heading.default\">\n\t\t\t\t\t<h2 class=\"elementor-heading-title elementor-size-default\">Girl<\/h2>\t\t\t\t<\/div>\n\t\t\t\t<\/div>\n\t\t<div class=\"elementor-element elementor-element-4c61f25 e-con-full e-flex wpr-particle-no wpr-jarallax-no wpr-parallax-no wpr-sticky-section-no wpr-equal-height-no e-con e-child\" data-id=\"4c61f25\" data-element_type=\"container\" data-e-type=\"container\">\n\t\t\t\t<div class=\"elementor-element elementor-element-bc9f325 elementor-widget elementor-widget-heading\" data-id=\"bc9f325\" data-element_type=\"widget\" data-e-type=\"widget\" data-widget_type=\"heading.default\">\n\t\t\t\t\t<h2 class=\"elementor-heading-title elementor-size-default\">Montagne<\/h2>\t\t\t\t<\/div>\n\t\t\t\t<\/div>\n\t\t<div class=\"elementor-element elementor-element-45059de e-con-full e-flex wpr-particle-no wpr-jarallax-no wpr-parallax-no wpr-sticky-section-no wpr-equal-height-no e-con e-child\" data-id=\"45059de\" data-element_type=\"container\" data-e-type=\"container\">\n\t\t\t\t<div class=\"elementor-element elementor-element-cb328e5 elementor-widget elementor-widget-image\" data-id=\"cb328e5\" data-element_type=\"widget\" data-e-type=\"widget\" data-widget_type=\"image.default\">\n\t\t\t\t\t\t\t\t\t\t\t\t\t\t\t<img loading=\"lazy\" decoding=\"async\" width=\"768\" height=\"1024\" src=\"https:\/\/aubert-lea.mmigrenoble-dev.fr\/wp-content\/uploads\/2026\/04\/Dessin-6-768x1024.jpg\" class=\"attachment-large size-large wp-image-121\" alt=\"\" srcset=\"https:\/\/aubert-lea.mmigrenoble-dev.fr\/wp-content\/uploads\/2026\/04\/Dessin-6-768x1024.jpg 768w, https:\/\/aubert-lea.mmigrenoble-dev.fr\/wp-content\/uploads\/2026\/04\/Dessin-6-225x300.jpg 225w, https:\/\/aubert-lea.mmigrenoble-dev.fr\/wp-content\/uploads\/2026\/04\/Dessin-6-1152x1536.jpg 1152w, https:\/\/aubert-lea.mmigrenoble-dev.fr\/wp-content\/uploads\/2026\/04\/Dessin-6-1536x2048.jpg 1536w, https:\/\/aubert-lea.mmigrenoble-dev.fr\/wp-content\/uploads\/2026\/04\/Dessin-6-scaled.jpg 1920w\" sizes=\"(max-width: 768px) 100vw, 768px\" \/>\t\t\t\t\t\t\t\t\t\t\t\t\t\t\t<\/div>\n\t\t\t\t<\/div>\n\t\t\t\t<\/div>\n\t\t\t\t\t<\/div>\n\t\t\t\t<\/div>\n\t\t<div class=\"elementor-element elementor-element-8782ef9 e-flex e-con-boxed wpr-particle-no wpr-jarallax-no wpr-parallax-no wpr-sticky-section-no wpr-equal-height-no e-con e-parent\" data-id=\"8782ef9\" data-element_type=\"container\" data-e-type=\"container\">\n\t\t\t\t\t<div class=\"e-con-inner\">\n\t\t\t\t<div class=\"elementor-element elementor-element-aa37dab elementor-widget elementor-widget-heading\" data-id=\"aa37dab\" data-element_type=\"widget\" data-e-type=\"widget\" data-widget_type=\"heading.default\">\n\t\t\t\t\t<h2 class=\"elementor-heading-title elementor-size-default\"><br>Instagram<\/h2>\t\t\t\t<\/div>\n\t\t<div class=\"elementor-element elementor-element-7c20227 e-grid e-con-full wpr-particle-no wpr-jarallax-no wpr-parallax-no wpr-sticky-section-no wpr-equal-height-no e-con e-child\" data-id=\"7c20227\" data-element_type=\"container\" data-e-type=\"container\">\n\t\t\t\t<div class=\"elementor-element elementor-element-e5382af elementor-widget elementor-widget-image\" data-id=\"e5382af\" data-element_type=\"widget\" data-e-type=\"widget\" data-widget_type=\"image.default\">\n\t\t\t\t\t\t\t\t\t\t\t\t\t\t\t<img loading=\"lazy\" decoding=\"async\" width=\"800\" height=\"1005\" src=\"https:\/\/aubert-lea.mmigrenoble-dev.fr\/wp-content\/uploads\/2026\/04\/insta-1-e1777490126305-815x1024.jpg\" class=\"attachment-large size-large wp-image-118\" alt=\"\" srcset=\"https:\/\/aubert-lea.mmigrenoble-dev.fr\/wp-content\/uploads\/2026\/04\/insta-1-e1777490126305-815x1024.jpg 815w, https:\/\/aubert-lea.mmigrenoble-dev.fr\/wp-content\/uploads\/2026\/04\/insta-1-e1777490126305-239x300.jpg 239w, https:\/\/aubert-lea.mmigrenoble-dev.fr\/wp-content\/uploads\/2026\/04\/insta-1-e1777490126305-768x965.jpg 768w, https:\/\/aubert-lea.mmigrenoble-dev.fr\/wp-content\/uploads\/2026\/04\/insta-1-e1777490126305.jpg 1170w\" sizes=\"(max-width: 800px) 100vw, 800px\" \/>\t\t\t\t\t\t\t\t\t\t\t\t\t\t\t<\/div>\n\t\t\t\t<div class=\"elementor-element elementor-element-aa97ff6 elementor-widget elementor-widget-image\" data-id=\"aa97ff6\" data-element_type=\"widget\" data-e-type=\"widget\" data-widget_type=\"image.default\">\n\t\t\t\t\t\t\t\t\t\t\t\t\t\t\t<img loading=\"lazy\" decoding=\"async\" width=\"473\" height=\"1024\" src=\"https:\/\/aubert-lea.mmigrenoble-dev.fr\/wp-content\/uploads\/2026\/04\/Insta-2-473x1024.jpg\" class=\"attachment-large size-large wp-image-116\" alt=\"\" srcset=\"https:\/\/aubert-lea.mmigrenoble-dev.fr\/wp-content\/uploads\/2026\/04\/Insta-2-473x1024.jpg 473w, https:\/\/aubert-lea.mmigrenoble-dev.fr\/wp-content\/uploads\/2026\/04\/Insta-2-139x300.jpg 139w, https:\/\/aubert-lea.mmigrenoble-dev.fr\/wp-content\/uploads\/2026\/04\/Insta-2-768x1662.jpg 768w, https:\/\/aubert-lea.mmigrenoble-dev.fr\/wp-content\/uploads\/2026\/04\/Insta-2-710x1536.jpg 710w, https:\/\/aubert-lea.mmigrenoble-dev.fr\/wp-content\/uploads\/2026\/04\/Insta-2-946x2048.jpg 946w, https:\/\/aubert-lea.mmigrenoble-dev.fr\/wp-content\/uploads\/2026\/04\/Insta-2.jpg 1170w\" sizes=\"(max-width: 473px) 100vw, 473px\" \/>\t\t\t\t\t\t\t\t\t\t\t\t\t\t\t<\/div>\n\t\t\t\t<\/div>\n\t\t\t\t\t<\/div>\n\t\t\t\t<\/div>\n\t\t<div class=\"elementor-element elementor-element-c661afa e-flex e-con-boxed wpr-particle-no wpr-jarallax-no wpr-parallax-no wpr-sticky-section-no wpr-equal-height-no e-con e-parent\" data-id=\"c661afa\" data-element_type=\"container\" data-e-type=\"container\">\n\t\t\t\t\t<div class=\"e-con-inner\">\n\t\t\t\t<div class=\"elementor-element elementor-element-631bfaa elementor-widget elementor-widget-text-editor\" data-id=\"631bfaa\" data-element_type=\"widget\" data-e-type=\"widget\" data-widget_type=\"text-editor.default\">\n\t\t\t\t\t\t\t\t\t<p><br><\/p><p>Pourquoi je partage ceci?<\/p>\n<p><\/p>\t\t\t\t\t\t\t\t<\/div>\n\t\t\t\t<div class=\"elementor-element elementor-element-2e9f04f elementor-align-center elementor-widget elementor-widget-button\" data-id=\"2e9f04f\" data-element_type=\"widget\" data-e-type=\"widget\" data-widget_type=\"button.default\">\n\t\t\t\t\t\t\t\t\t\t<a class=\"elementor-button elementor-button-link elementor-size-sm\" href=\"https:\/\/aubert-lea.mmigrenoble-dev.fr\/?page_id=151\">\n\t\t\t\t\t\t<span class=\"elementor-button-content-wrapper\">\n\t\t\t\t\t\t\t\t\t<span class=\"elementor-button-text\">Cliquez ici<\/span>\n\t\t\t\t\t<\/span>\n\t\t\t\t\t<\/a>\n\t\t\t\t\t\t\t\t<\/div>\n\t\t\t\t\t<\/div>\n\t\t\t\t<\/div>\n\t\t\t\t<\/div>\n\t\t","protected":false},"excerpt":{"rendered":"<p>Court M\u00e9trage Peins ! Peins est un court m\u00e9trage r\u00e9alis\u00e9 en 2023\/2024 lors de l&rsquo;atelier cin\u00e9ma au lyc\u00e9e,&nbsp; j&rsquo;ai eu la chance de participer a l&rsquo;\u00e9criture de ce court m\u00e9trage, Cela a \u00e9tait ma premi\u00e8re vrais \u00e9xperience cin\u00e9matographique.&nbsp; vous voulez voir le court m\u00e9trage ? Regarder la vid\u00e9o Des-espoirs J&rsquo;ai r\u00e9aliser un deuxieme court m\u00e9trage lors de mes ann\u00e9e lyc\u00e9e ! cette fois si j&rsquo;\u00e9tait non seulement a l&rsquo;\u00e9criture mais aussi au tournage, J&rsquo;ai non seulement ador\u00e9 cette \u00e9xperience mais je suis aussi fier de ce que nous avons pus produire lors de ces deux ann\u00e9e. Vous voulez en savoir plus sur ce projet ? Cliquez ici Dessins Personnels Paysage Renard Girl Montagne Instagram Pourquoi je partage ceci? Cliquez ici<\/p>\n","protected":false},"author":4,"featured_media":0,"parent":0,"menu_order":0,"comment_status":"closed","ping_status":"closed","template":"","meta":{"footnotes":""},"class_list":["post-55","page","type-page","status-publish","hentry"],"_links":{"self":[{"href":"https:\/\/aubert-lea.mmigrenoble-dev.fr\/index.php?rest_route=\/wp\/v2\/pages\/55","targetHints":{"allow":["GET"]}}],"collection":[{"href":"https:\/\/aubert-lea.mmigrenoble-dev.fr\/index.php?rest_route=\/wp\/v2\/pages"}],"about":[{"href":"https:\/\/aubert-lea.mmigrenoble-dev.fr\/index.php?rest_route=\/wp\/v2\/types\/page"}],"author":[{"embeddable":true,"href":"https:\/\/aubert-lea.mmigrenoble-dev.fr\/index.php?rest_route=\/wp\/v2\/users\/4"}],"replies":[{"embeddable":true,"href":"https:\/\/aubert-lea.mmigrenoble-dev.fr\/index.php?rest_route=%2Fwp%2Fv2%2Fcomments&post=55"}],"version-history":[{"count":28,"href":"https:\/\/aubert-lea.mmigrenoble-dev.fr\/index.php?rest_route=\/wp\/v2\/pages\/55\/revisions"}],"predecessor-version":[{"id":167,"href":"https:\/\/aubert-lea.mmigrenoble-dev.fr\/index.php?rest_route=\/wp\/v2\/pages\/55\/revisions\/167"}],"wp:attachment":[{"href":"https:\/\/aubert-lea.mmigrenoble-dev.fr\/index.php?rest_route=%2Fwp%2Fv2%2Fmedia&parent=55"}],"curies":[{"name":"wp","href":"https:\/\/api.w.org\/{rel}","templated":true}]}}